{"id":337,"date":"2025-07-09T10:32:41","date_gmt":"2025-07-09T08:32:41","guid":{"rendered":"https:\/\/frmt.hu\/?page_id=337"},"modified":"2025-07-09T10:50:15","modified_gmt":"2025-07-09T08:50:15","slug":"impresszum","status":"publish","type":"page","link":"https:\/\/frmt.hu\/en\/impresszum\/","title":{"rendered":"Impresszum"},"content":{"rendered":"<div data-elementor-type=\"wp-page\" data-elementor-id=\"337\" class=\"elementor elementor-337\" data-elementor-post-type=\"page\">\n\t\t\t\t<div class=\"elementor-element elementor-element-b281c11 e-flex e-con-boxed e-con e-parent\" data-id=\"b281c11\" data-element_type=\"container\">\n\t\t\t\t\t<div class=\"e-con-inner\">\n\t\t\t\t<div class=\"elementor-element elementor-element-519570d elementor-widget elementor-widget-heading\" data-id=\"519570d\" data-element_type=\"widget\" data-widget_type=\"heading.default\">\n\t\t\t\t\t<h2 class=\"elementor-heading-title elementor-size-default\">Impresszum<\/h2>\t\t\t\t<\/div>\n\t\t\t\t<div class=\"elementor-element elementor-element-5c05f00 elementor-widget elementor-widget-text-editor\" data-id=\"5c05f00\" data-element_type=\"widget\" data-widget_type=\"text-editor.default\">\n\t\t\t\t\t\t\t\t\t<h6><strong>AZ \u00dcZEMELTET\u0150 ADATAI<\/strong><\/h6><h6><strong>\u00dczemeltet\u0151<\/strong>: Zsibor\u00e1cs Dominika Egy\u00e9ni V\u00e1llalkoz\u00f3<\/h6><p><strong>Sz\u00e9khelye<\/strong>: 2030, \u00c9rd, Szent Istv\u00e1n \u00fat 46.<\/p><p><strong>Telephely<\/strong>: 1123 Budapest, Nagyenyed u. 15\/a<\/p><p><strong>El\u00e9rhet\u0151s\u00e9g<\/strong>: +36303370212<\/p><p><strong>A c\u00e9get bejegyz\u0151 hat\u00f3s\u00e1g<\/strong>: Nemzeti Ad\u00f3 \u2013 \u00e9s V\u00e1mhivatal<\/p><p><strong>Ad\u00f3sz\u00e1m<\/strong>: 58773774-1-33<\/p><p><strong>Nyilv\u00e1ntart\u00e1si sz\u00e1m<\/strong>: 57127462<\/p><p><strong>Eg\u00e9szs\u00e9g\u00fcgyi szolg\u00e1ltat\u00e1s t\u00edpusa<\/strong>: Gy\u00f3gytorn\u00e1sz mag\u00e1nrendel\u00e9s<\/p><p><strong>Az eg\u00e9szs\u00e9g\u00fcgyi szolg\u00e1ltat\u00f3 egyedi azonos\u00edt\u00f3 sz\u00e1ma<\/strong>: 000409<\/p><p><strong>M\u0171k\u00f6d\u00e9si enged\u00e9ly sz\u00e1ma<\/strong>: BP-02\/NEO\/05073-3\/2023.<\/p><p><strong>F\u0151tev\u00e9kenys\u00e9g<\/strong>: Egy\u00e9b eg\u00e9szs\u00e9g\u00fcgyi tev\u00e9kenys\u00e9g (kiv\u00e9ve: orvosok, fogorvosok)<\/p><p><strong>F\u0151tev\u00e9kenys\u00e9g \u00d6VTJ k\u00f3dja<\/strong>: 869001<\/p><p><strong>E-mail c\u00edm<\/strong>: info@zsiboracs.hu<\/p><p><strong>Telefonsz\u00e1m<\/strong>: +36303370212<\/p><p><strong>Weboldal c\u00edme<\/strong>: https:\/\/frmt.hu<\/p>\t\t\t\t\t\t\t\t<\/div>\n\t\t\t\t<div class=\"elementor-element elementor-element-d342fe3 elementor-widget elementor-widget-text-editor\" data-id=\"d342fe3\" data-element_type=\"widget\" data-widget_type=\"text-editor.default\">\n\t\t\t\t\t\t\t\t\t<h6><strong>AZ \u00dcZEMELTET\u0150 WEBOLDAL\u00c1NAK T\u00c1RHELYSZOLG\u00c1LTAT\u00d3JA<\/strong><\/h6><h6><strong>Szolg\u00e1ltat\u00f3 neve<\/strong>: Sybell Informatika Kft.<\/h6><p><strong>Szolg\u00e1ltat\u00f3 c\u00edme<\/strong>: 1138 Budapest, Tomori utca 34. 2. emelet<\/p><p><strong>Telefon<\/strong>: +36 1 707 67 27<\/p><p><strong>E-mail<\/strong>: \u00a0<a href=\"mailto:info@sybell.hu\">info@sybell.hu<\/a><\/p><p><strong>Weboldal c\u00edme<\/strong>: <a href=\"http:\/\/www.sybell.hu\/\">www.sybell.hu<\/a><\/p>\t\t\t\t\t\t\t\t<\/div>\n\t\t\t\t\t<\/div>\n\t\t\t\t<\/div>\n\t\t\t\t<\/div>","protected":false},"excerpt":{"rendered":"<p>Impresszum AZ \u00dcZEMELTET\u0150 ADATAI \u00dczemeltet\u0151: Zsibor\u00e1cs Dominika Egy\u00e9ni V\u00e1llalkoz\u00f3 Sz\u00e9khelye: 2030, \u00c9rd, Szent Istv\u00e1n \u00fat 46. Telephely: 1123 Budapest, Nagyenyed u. 15\/a El\u00e9rhet\u0151s\u00e9g: +36303370212 A c\u00e9get bejegyz\u0151 hat\u00f3s\u00e1g: Nemzeti Ad\u00f3 \u2013 \u00e9s V\u00e1mhivatal Ad\u00f3sz\u00e1m: 58773774-1-33 Nyilv\u00e1ntart\u00e1si sz\u00e1m: 57127462 Eg\u00e9szs\u00e9g\u00fcgyi szolg\u00e1ltat\u00e1s t\u00edpusa: Gy\u00f3gytorn\u00e1sz mag\u00e1nrendel\u00e9s Az eg\u00e9szs\u00e9g\u00fcgyi szolg\u00e1ltat\u00f3 egyedi azonos\u00edt\u00f3 sz\u00e1ma: 000409 M\u0171k\u00f6d\u00e9si enged\u00e9ly sz\u00e1ma: BP-02\/NEO\/05073-3\/2023. F\u0151tev\u00e9kenys\u00e9g: &#8230; <a title=\"Impresszum\" class=\"read-more\" href=\"https:\/\/frmt.hu\/en\/impresszum\/\" aria-label=\"Read more about Impresszum\">Read more<\/a><\/p>","protected":false},"author":1,"featured_media":0,"parent":0,"menu_order":0,"comment_status":"closed","ping_status":"closed","template":"elementor_header_footer","meta":{"_seopress_robots_primary_cat":"","_seopress_titles_title":"","_seopress_titles_desc":"","_seopress_robots_index":"","footnotes":""},"class_list":["post-337","page","type-page","status-publish"],"_links":{"self":[{"href":"https:\/\/frmt.hu\/en\/wp-json\/wp\/v2\/pages\/337","targetHints":{"allow":["GET"]}}],"collection":[{"href":"https:\/\/frmt.hu\/en\/wp-json\/wp\/v2\/pages"}],"about":[{"href":"https:\/\/frmt.hu\/en\/wp-json\/wp\/v2\/types\/page"}],"author":[{"embeddable":true,"href":"https:\/\/frmt.hu\/en\/wp-json\/wp\/v2\/users\/1"}],"replies":[{"embeddable":true,"href":"https:\/\/frmt.hu\/en\/wp-json\/wp\/v2\/comments?post=337"}],"version-history":[{"count":10,"href":"https:\/\/frmt.hu\/en\/wp-json\/wp\/v2\/pages\/337\/revisions"}],"predecessor-version":[{"id":378,"href":"https:\/\/frmt.hu\/en\/wp-json\/wp\/v2\/pages\/337\/revisions\/378"}],"wp:attachment":[{"href":"https:\/\/frmt.hu\/en\/wp-json\/wp\/v2\/media?parent=337"}],"curies":[{"name":"wp","href":"https:\/\/api.w.org\/{rel}","templated":true}]}}