{"id":343,"date":"2025-07-09T10:33:28","date_gmt":"2025-07-09T08:33:28","guid":{"rendered":"https:\/\/frmt.hu\/?page_id=343"},"modified":"2025-07-09T10:49:03","modified_gmt":"2025-07-09T08:49:03","slug":"adatkezelesi-nyilatkozat","status":"publish","type":"page","link":"https:\/\/frmt.hu\/en\/adatkezelesi-nyilatkozat\/","title":{"rendered":"Adatkezel\u00e9si nyilatkozat"},"content":{"rendered":"<div data-elementor-type=\"wp-page\" data-elementor-id=\"343\" class=\"elementor elementor-343\" data-elementor-post-type=\"page\">\n\t\t\t\t<div class=\"elementor-element elementor-element-58ba603 e-flex e-con-boxed e-con e-parent\" data-id=\"58ba603\" data-element_type=\"container\">\n\t\t\t\t\t<div class=\"e-con-inner\">\n\t\t\t\t<div class=\"elementor-element elementor-element-143a532 elementor-widget elementor-widget-heading\" data-id=\"143a532\" data-element_type=\"widget\" data-widget_type=\"heading.default\">\n\t\t\t\t\t<h2 class=\"elementor-heading-title elementor-size-default\">Adatkezel\u00e9si nyilatkozat<\/h2>\t\t\t\t<\/div>\n\t\t\t\t<div class=\"elementor-element elementor-element-921280b elementor-widget elementor-widget-text-editor\" data-id=\"921280b\" data-element_type=\"widget\" data-widget_type=\"text-editor.default\">\n\t\t\t\t\t\t\t\t\t<p><strong>Adatkezel\u00e9si T\u00e1j\u00e9koztat\u00f3<br \/>kezel\u00e9sen r\u00e9sztvev\u0151k r\u00e9sz\u00e9re<\/strong><\/p><h2>1.1\u00a0\u00a0\u00a0\u00a0\u00a0\u00a0\u00a0\u00a0\u00a0\u00a0\u00a0 <u>Adatkezel\u0151 \u00e9s el\u00e9rhet\u0151s\u00e9gei<\/u><\/h2><p>Az adatkezel\u0151 neve: <strong>Zsibor\u00e1cs Dominika Egy\u00e9ni V\u00e1llalkoz\u00f3 <\/strong>(a tov\u00e1bbiakban: \u201e<strong>Adatkezel\u0151<\/strong>\u201d)<\/p><p>Sz\u00e9khelye, postac\u00edme: 2030, \u00c9rd, Szent Istv\u00e1n \u00fat 46., 1123 Budapest, Nagyenyed u. 15\/a<\/p><p>E-mail c\u00edme: info@zsiboracs.hu<\/p><p>Telefonsz\u00e1ma: +36303370212<\/p><h2>1.2\u00a0\u00a0\u00a0\u00a0\u00a0\u00a0\u00a0\u00a0\u00a0\u00a0\u00a0 <u>A kezelt adatok k\u00f6re, az adatkezel\u00e9s c\u00e9lja, jogalapja, \u00e9s az adatok meg\u0151rz\u00e9s\u00e9nek ideje<\/u><\/h2><table width=\"624\"><thead><tr><td width=\"134\"><p><strong>Kezelt adatok k\u00f6re<\/strong><\/p><\/td><td width=\"188\"><p><strong>Adatkezel\u00e9s c\u00e9lja<\/strong><\/p><\/td><td width=\"160\"><p><strong>Adatkezel\u00e9s jogalapja<\/strong><\/p><\/td><td width=\"141\"><p><strong>Meg\u0151rz\u00e9si id\u0151<\/strong><\/p><\/td><\/tr><\/thead><tbody><tr><td width=\"134\"><p>N\u00e9v, telefonsz\u00e1m, e-mail c\u00edm<\/p><\/td><td width=\"188\"><p>Id\u0151pontfoglal\u00e1s r\u00f6gz\u00edt\u00e9se<\/p><\/td><td width=\"160\"><p>Az eg\u00e9szs\u00e9g\u00fcgyi szolg\u00e1ltat\u00e1s keret\u00e9ben l\u00e9trej\u00f6tt szerz\u0151d\u00e9s teljes\u00edt\u00e9se<\/p><\/td><td width=\"141\"><p>A szerz\u0151d\u00e9ses jogviszonyra vonatkoz\u00f3 el\u00e9v\u00fcl\u00e9si id\u0151 (5 \u00e9v) v\u00e9g\u00e9ig.<\/p><\/td><\/tr><tr><td width=\"134\"><p>A beteg kezel\u00e9s, illetve \u00e1llapotfelm\u00e9r\u00e9s sor\u00e1n megismert eg\u00e9szs\u00e9g\u00fcgyi szem\u00e9lyes adatai<\/p><\/td><td width=\"188\"><p>Az eg\u00e9szs\u00e9g meg\u0151rz\u00e9s\u00e9nek, jav\u00edt\u00e1s\u00e1nak, fenntart\u00e1s\u00e1nak el\u0151mozd\u00edt\u00e1sa.<\/p><\/td><td width=\"160\"><p>Az eg\u00e9szs\u00e9g\u00fcgyi szolg\u00e1ltat\u00e1s keret\u00e9ben l\u00e9trej\u00f6tt szerz\u0151d\u00e9s teljes\u00edt\u00e9se<\/p><\/td><td width=\"141\"><p>Az adatfelv\u00e9telt\u0151l sz\u00e1m\u00edtott 30 \u00e9vig.<\/p><\/td><\/tr><tr><td width=\"134\"><p>Sz\u00e1ml\u00e1z\u00e1shoz, fizet\u00e9shez sz\u00fcks\u00e9ges adatok (lakc\u00edm, anyja sz\u00fclet\u00e9si neve, TAJ sz\u00e1m, eg\u00e9szs\u00e9gp\u00e9nzt\u00e1ri sz\u00e1m, sz\u00fclet\u00e9si hely \u00e9s d\u00e1tum)<\/p><\/td><td width=\"188\"><p>sz\u00e1ml\u00e1z\u00e1s, sz\u00e1mviteli bizonylatok ki\u00e1ll\u00edt\u00e1sa<\/p><\/td><td width=\"160\"><p>Szerz\u0151d\u00e9s teljes\u00edt\u00e9se, sz\u00e1mviteli bizonylatok meg\u0151rz\u00e9s\u00e9re vonatkoz\u00f3 jogi k\u00f6telezetts\u00e9g<\/p><\/td><td width=\"141\"><p>Sz\u00e1mviteli bizonylatok meg\u0151rz\u00e9s\u00e9re jogszab\u00e1lyban el\u0151\u00edrt id\u0151 v\u00e9g\u00e9ig (8 \u00e9v).<\/p><\/td><\/tr><tr><td width=\"134\"><p>E-mail c\u00edm<\/p><\/td><td width=\"188\"><p>H\u00edrlevelek k\u00fcld\u00e9se<\/p><\/td><td width=\"160\"><p>Az \u00e9rintett hozz\u00e1j\u00e1rul\u00e1sa<\/p><\/td><td width=\"141\"><p>A hozz\u00e1j\u00e1rul\u00e1s visszavon\u00e1s\u00e1ig.<\/p><\/td><\/tr><\/tbody><\/table><h2>a.\u00a0\u00a0\u00a0\u00a0\u00a0\u00a0\u00a0\u00a0\u00a0\u00a0\u00a0\u00a0\u00a0\u00a0\u00a0\u00a0\u00a0\u00a0\u00a0\u00a0\u00a0\u00a0\u00a0 <u>\u00a0<\/u><\/h2><h2>1.3\u00a0\u00a0\u00a0\u00a0\u00a0\u00a0\u00a0\u00a0\u00a0\u00a0\u00a0 <u>Szem\u00e9lyes adatok c\u00edmzettjei, a c\u00edmzettek kateg\u00f3ri\u00e1i<\/u><\/h2><p><strong>Ig\u00e9nybe vett adatfeldolgoz\u00f3k:<\/strong><\/p><table width=\"624\"><tbody><tr><td width=\"246\"><p><strong>Adatfeldolgoz\u00f3 neve<\/strong><\/p><\/td><td width=\"378\"><p><strong>Adatfeldolgoz\u00f3 bevon\u00e1s\u00e1val \u00e9rintett tev\u00e9kenys\u00e9g<\/strong><\/p><\/td><\/tr><tr><td width=\"246\">\u00a0<\/td><td width=\"378\">\u00a0<\/td><\/tr><tr><td width=\"246\">\u00a0<\/td><td width=\"378\">\u00a0<\/td><\/tr><tr><td width=\"246\">\u00a0<\/td><td width=\"378\">\u00a0<\/td><\/tr><tr><td width=\"246\">\u00a0<\/td><td width=\"378\">\u00a0<\/td><\/tr><tr><td width=\"246\"><p><strong>Sybell Informatika Kft<\/strong>. (61138 Budapest, Tomori utca 34. 2. emelet, Telefon: <a href=\"tel:+3617076726\">+36 1 707 67 26<\/a>, E-mail: <a href=\"mailto:hello@sybell.hu\">hello@sybell.hu<\/a>, Web: <a href=\"https:\/\/sybell.hu\/\">https:\/\/sybell.hu\/<\/a>)<\/p><\/td><td width=\"378\"><p>Informatikai rendszer \u00fczemeltet\u00e9se<\/p><\/td><\/tr><tr><td width=\"246\"><p><strong>Pillinger Eszter<\/strong><\/p><\/td><td width=\"378\"><p>K\u00f6nyvel\u00e9si szolg\u00e1ltat\u00e1s ny\u00fajt\u00e1sa<\/p><\/td><\/tr><\/tbody><\/table><p>Az Adatkezel\u0151 harmadik orsz\u00e1gba (az EU-n k\u00edv\u00fclre), illetve nemzetk\u00f6zi szervezet r\u00e9sz\u00e9re szem\u00e9lyes adatokat nem tov\u00e1bb\u00edt.<\/p><h2>1.4\u00a0\u00a0\u00a0\u00a0\u00a0\u00a0\u00a0\u00a0\u00a0\u00a0\u00a0 <u>\u00c9rintetti jogok<\/u><\/h2><p>Az \u00e9rintett k\u00e9relmezheti az Adatkezel\u0151t\u0151l a r\u00e1 vonatkoz\u00f3 szem\u00e9lyes adatokhoz val\u00f3 hozz\u00e1f\u00e9r\u00e9st, azok helyesb\u00edt\u00e9s\u00e9t, t\u00f6rl\u00e9s\u00e9t, egyes esetekben k\u00e9rheti tov\u00e1bb\u00e1 az adatok kezel\u00e9s\u00e9nek korl\u00e1toz\u00e1s\u00e1t, \u00e9s tiltakozhat a szem\u00e9lyes adatok kezel\u00e9se ellen. Az \u00e9rintettet megilleti tov\u00e1bb\u00e1 az adathordozhat\u00f3s\u00e1ghoz \u00e9s a fel\u00fcgyeleti hat\u00f3s\u00e1ghoz t\u00f6rt\u00e9n\u0151 panasz beny\u00fajt\u00e1s\u00e1hoz, valamint a jogorvoslathoz val\u00f3 jog, valamint az egyedi \u00fcgyekben alkalmazott automatiz\u00e1lt d\u00f6nt\u00e9shozatal eset\u00e9n a d\u00f6nt\u00e9s hat\u00e1ly\u00e1val kapcsolatos v\u00e1laszt\u00e1s, valamint az emberi beavatkoz\u00e1s k\u00e9r\u00e9s\u00e9nek joga. Hozz\u00e1j\u00e1rul\u00e1son alapul\u00f3 adatkezel\u00e9s sor\u00e1n az \u00e9rintett jogosult tov\u00e1bb\u00e1 a hozz\u00e1j\u00e1rul\u00e1s b\u00e1rmely id\u0151pontban t\u00f6rt\u00e9n\u0151 visszavon\u00e1s\u00e1ra, amely azonban nem \u00e9rinti a visszavon\u00e1s el\u0151tt a hozz\u00e1j\u00e1rul\u00e1s alapj\u00e1n v\u00e9grehajtott adatkezel\u00e9s jogszer\u0171s\u00e9g\u00e9t.<\/p><ol><li><strong><em>A hozz\u00e1f\u00e9r\u00e9shez val\u00f3 jog <\/em><\/strong><\/li><\/ol><p>Az \u00e9rintett b\u00e1rmikor jogosult felvil\u00e1gos\u00edt\u00e1st k\u00e9rni arra vonatkoz\u00f3an, hogy szem\u00e9lyes adatait az Adatkezel\u0151 kezeli-e \u00e9s mik\u00e9nt, ide\u00e9rtve az adatkezel\u00e9s c\u00e9ljait, a c\u00edmzetteket, akikkel az adatait k\u00f6z\u00f6lt\u00e9k, vagy a forr\u00e1st, ahonnan az adatot az Adatkezel\u0151 megkapta, a meg\u0151rz\u00e9si id\u0151tartamot, az adatkezel\u00e9ssel kapcsolatos b\u00e1rmely jog\u00e1t, tov\u00e1bb\u00e1 az automatiz\u00e1lt d\u00f6nt\u00e9shozatalra, profilalkot\u00e1sra vonatkoz\u00f3 inform\u00e1ci\u00f3kat, harmadik orsz\u00e1gba vagy nemzetk\u00f6zi szervezetnek val\u00f3 tov\u00e1bb\u00edt\u00e1s eset\u00e9n pedig az ezzel kapcsolatos garanci\u00e1kra vonatkoz\u00f3 inform\u00e1ci\u00f3kat. A hozz\u00e1f\u00e9r\u00e9s joga gyakorl\u00e1sa sor\u00e1n az \u00e9rintett arra is jogosult, hogy az adatok m\u00e1solat\u00e1t k\u00e9rje, elektronikus \u00faton beny\u00fajtott k\u00e9relem eset\u00e9n \u2013 ellenkez\u0151 \u00e9rintetti k\u00e9r\u00e9s hi\u00e1ny\u00e1ban \u2013 az Adatkezel\u0151 a k\u00e9rt inform\u00e1ci\u00f3kat elektronikusan (pdf form\u00e1tumban) bocs\u00e1tja rendelkez\u00e9sre. Amennyiben az \u00e9rintett hozz\u00e1f\u00e9r\u00e9si joga h\u00e1tr\u00e1nyosan \u00e9rinti m\u00e1sok jogait \u00e9s szabads\u00e1gait, \u00edgy k\u00fcl\u00f6n\u00f6sen m\u00e1sok \u00fczleti titkait vagy szellemi tulajdon\u00e1t, az Adatkezel\u0151 jogosult az \u00e9rintett k\u00e9relm\u00e9nek teljes\u00edt\u00e9s\u00e9t sz\u00fcks\u00e9ges \u00e9s ar\u00e1nyos m\u00e9rt\u00e9kben megtagadni. Abban az esetben, amennyiben az \u00e9rintett a fenti t\u00e1j\u00e9koztat\u00e1st t\u00f6bb p\u00e9ld\u00e1nyban k\u00e9ri, az Adatkezel\u0151 a t\u00f6bblet p\u00e9ld\u00e1nyok elk\u00e9sz\u00edt\u00e9s\u00e9nek adminisztrat\u00edv k\u00f6lts\u00e9geivel ar\u00e1nyos \u00e9s \u00e9sszer\u0171 m\u00e9rt\u00e9k\u0171 d\u00edjat, oldalank\u00e9nt 100Ft-ot sz\u00e1mol fel.<\/p><ol><li><strong><em>A helyesb\u00edt\u00e9shez val\u00f3 jog<\/em><\/strong><\/li><\/ol><p>Az Adatkezel\u0151 az \u00e9rintettre vonatkoz\u00f3 szem\u00e9lyes adatokat annak k\u00e9r\u00e9s\u00e9re helyesb\u00edti vagy kieg\u00e9sz\u00edti. Amennyiben k\u00e9ts\u00e9g mer\u00fcl fel a helyesb\u00edtett adat kapcs\u00e1n, az Adatkezel\u0151 felh\u00edvhatja az \u00e9rintettet, hogy a pontos\u00edtott adatot megfelel\u0151 m\u00f3don \u2013 els\u0151sorban okirattal \u2013 bizony\u00edtsa az Adatkezel\u0151 sz\u00e1m\u00e1ra. Amennyiben a jelen joggal \u00e9rintett szem\u00e9lyes adatokat az Adatkezel\u0151 m\u00e1s szem\u00e9llyel (ti. c\u00edmzettel, mint pl. adatfeldolgoz\u00f3val) k\u00f6z\u00f6lte, az Adatkezel\u0151 az adat helyesb\u00edt\u00e9s\u00e9t k\u00f6vet\u0151en halad\u00e9ktalanul t\u00e1j\u00e9koztatja ezeket a szem\u00e9lyeket, felt\u00e9ve, hogy az nem lehetetlen vagy nem ig\u00e9nyel az Adatkezel\u0151t\u0151l ar\u00e1nytalan er\u0151fesz\u00edt\u00e9st. Az \u00e9rintettet k\u00e9r\u00e9s\u00e9re az Adatkezel\u0151 t\u00e1j\u00e9koztatja ezen c\u00edmzettekr\u0151l.<\/p><ol><li><strong><em>A t\u00f6rl\u00e9shez val\u00f3 jog (\u201eaz elfeledtet\u00e9shez val\u00f3 jog\u201d)<\/em><\/strong><\/li><\/ol><p>Amennyiben az \u00e9rintett valamely vagy az \u00f6sszes szem\u00e9lyes adat\u00e1nak t\u00f6rl\u00e9s\u00e9t k\u00e9ri, az Adatkezel\u0151 az(oka)t indokolatlan k\u00e9sedelem n\u00e9lk\u00fcl t\u00f6rli, amennyiben:<\/p><ul><li>az Adatkezel\u0151nek az adott szem\u00e9lyes adatra m\u00e1r nincs sz\u00fcks\u00e9ge abb\u00f3l a c\u00e9lb\u00f3l, amelyb\u0151l azokat gy\u0171jt\u00f6tte vagy m\u00e1s m\u00f3don kezelte;<\/li><li>olyan adatkezel\u00e9sr\u0151l van sz\u00f3, amely az \u00e9rintett hozz\u00e1j\u00e1rul\u00e1s\u00e1n alapult, de a hozz\u00e1j\u00e1rul\u00e1st az \u00e9rintett visszavonta \u00e9s az adatkezel\u00e9snek nincs m\u00e1s jogalapja;<\/li><li>olyan adatkezel\u00e9sr\u0151l van sz\u00f3, amely az Adatkezel\u0151 vagy harmadik szem\u00e9ly jogos \u00e9rdek\u00e9n alapult, de az \u00e9rintett tiltakozott az adatkezel\u00e9s ellen, \u00e9s \u2013 k\u00f6zvetlen \u00fczletszerz\u00e9s c\u00e9l\u00fa adatkezel\u00e9s elleni tiltakoz\u00e1st kiv\u00e9ve \u2013 nincs els\u0151bbs\u00e9get \u00e9lvez\u0151 jogszer\u0171 ok az adatkezel\u00e9sre;<\/li><li>a szem\u00e9lyes adatokat az Adatkezel\u0151 jogellenesen kezelte, vagy<\/li><li>jogi k\u00f6telezetts\u00e9g teljes\u00edt\u00e9s\u00e9hez sz\u00fcks\u00e9ges a szem\u00e9lyes adatok t\u00f6rl\u00e9se.<\/li><\/ul><p>Amennyiben a jelen joggal \u00e9rintett szem\u00e9lyes adatokat az Adatkezel\u0151 m\u00e1s szem\u00e9llyel (ti. c\u00edmzettel mint pl. adatfeldolgoz\u00f3val) k\u00f6z\u00f6lte, az Adatkezel\u0151 a t\u00f6rl\u00e9st k\u00f6vet\u0151en halad\u00e9ktalanul t\u00e1j\u00e9koztatja ezen szem\u00e9lyeket, felt\u00e9ve, hogy az nem lehetetlen vagy nem ig\u00e9nyel az Adatkezel\u0151t\u0151l ar\u00e1nytalan er\u0151fesz\u00edt\u00e9st. Az \u00e9rintettet k\u00e9r\u00e9s\u00e9re az Adatkezel\u0151 t\u00e1j\u00e9koztatja ezen c\u00edmzettekr\u0151l. Az Adatkezel\u0151 nem minden esetben k\u00f6teles a szem\u00e9lyes adatok t\u00f6rl\u00e9s\u00e9re, k\u00fcl\u00f6n\u00f6sen pl. abban az esetben, ha az adatkezel\u00e9s sz\u00fcks\u00e9ges jogi ig\u00e9nyek el\u0151terjeszt\u00e9s\u00e9hez, \u00e9rv\u00e9nyes\u00edt\u00e9s\u00e9hez, illetve v\u00e9delm\u00e9hez.<\/p><ol><li><strong><em>Az adatkezel\u00e9s korl\u00e1toz\u00e1s\u00e1hoz val\u00f3 jog <\/em><\/strong><\/li><\/ol><p>Az \u00e9rintett szem\u00e9lyes adatai kezel\u00e9s\u00e9nek korl\u00e1toz\u00e1s\u00e1t k\u00e9rheti az al\u00e1bbi esetekben:<\/p><ul><li>az \u00e9rintett vitatja a szem\u00e9lyes adatok pontoss\u00e1g\u00e1t \u2013 ez esetben a korl\u00e1toz\u00e1s arra az id\u0151tartamra vonatkozik, amely lehet\u0151v\u00e9 teszi, hogy az adatkezel\u0151 ellen\u0151rizze a szem\u00e9lyes adatok pontoss\u00e1g\u00e1t;<\/li><li>az adatkezel\u00e9s jogellenes, de az \u00e9rintett ellenzi az adatok t\u00f6rl\u00e9s\u00e9t, \u00e9s ehelyett k\u00e9ri azok felhaszn\u00e1l\u00e1s\u00e1nak korl\u00e1toz\u00e1s\u00e1t;<\/li><li>az Adatkezel\u0151nek m\u00e1r nincs sz\u00fcks\u00e9ge a szem\u00e9lyes adatokra adatkezel\u00e9s c\u00e9lj\u00e1b\u00f3l, de az \u00e9rintett ig\u00e9nyli azokat jogi ig\u00e9nyek el\u0151terjeszt\u00e9s\u00e9hez, \u00e9rv\u00e9nyes\u00edt\u00e9s\u00e9hez vagy v\u00e9delm\u00e9hez; vagy<\/li><li>az \u00e9rintett tiltakozott az adatkezel\u00e9s ellen \u2013 ez esetben a korl\u00e1toz\u00e1s arra az id\u0151tartamra vonatkozik, am\u00edg meg\u00e1llap\u00edt\u00e1sra nem ker\u00fcl, hogy az Adatkezel\u0151 jogos indokai els\u0151bbs\u00e9get \u00e9lveznek-e az \u00e9rintett jogos indokaival szemben.<\/li><\/ul><p>Az adatkezel\u00e9s korl\u00e1toz\u00e1sa azt jelenti, hogy a korl\u00e1toz\u00e1ssal \u00e9rintett szem\u00e9lyes adatokat a t\u00e1rol\u00e1s kiv\u00e9tel\u00e9vel az Adatkezel\u0151 nem kezeli, illetve csak abban a k\u00f6rben kezeli, amihez az \u00e9rintett hozz\u00e1j\u00e1rult, illetve az Adatkezel\u0151 ilyen hozz\u00e1j\u00e1rul\u00e1s hi\u00e1ny\u00e1ban is kezelheti azokat az adatokat, amelyek jogi ig\u00e9nyek el\u0151terjeszt\u00e9s\u00e9hez, \u00e9rv\u00e9nyes\u00edt\u00e9s\u00e9hez vagy v\u00e9delm\u00e9hez, vagy m\u00e1s term\u00e9szetes vagy jogi szem\u00e9ly jogainak v\u00e9delme \u00e9rdek\u00e9ben, vagy uni\u00f3s, illetve valamely eur\u00f3pai uni\u00f3s tag\u00e1llam fontos k\u00f6z\u00e9rdek\u00e9re tekintettel sz\u00fcks\u00e9gesek. Az Adatkezel\u0151 az adatkezel\u00e9s korl\u00e1toz\u00e1s\u00e1nak felold\u00e1s\u00e1r\u00f3l az \u00e9rintettet el\u0151zetesen t\u00e1j\u00e9koztatja. Amennyiben a jelen joggal \u00e9rintett szem\u00e9lyes adatokat az Adatkezel\u0151 m\u00e1s szem\u00e9llyel (ti. c\u00edmzettel mint pl. adatfeldolgoz\u00f3val) k\u00f6z\u00f6lte, az Adatkezel\u0151 az adatkezel\u00e9s korl\u00e1toz\u00e1s\u00e1r\u00f3l halad\u00e9ktalanul t\u00e1j\u00e9koztatja ezen szem\u00e9lyeket, felt\u00e9ve, hogy az nem lehetetlen vagy nem ig\u00e9nyel az Adatkezel\u0151t\u0151l ar\u00e1nytalan er\u0151fesz\u00edt\u00e9st. Az \u00e9rintettet k\u00e9r\u00e9s\u00e9re az Adatkezel\u0151 t\u00e1j\u00e9koztatja ezen c\u00edmzettekr\u0151l.<\/p><ol><li><strong><em>A tiltakoz\u00e1shoz val\u00f3 jog<\/em><\/strong><\/li><\/ol><p>Amennyiben az \u00e9rintettre vonatkoz\u00f3 adatkezel\u00e9s jogalapja az Adatkezel\u0151 vagy harmadik szem\u00e9ly jogos \u00e9rdeke, az \u00e9rintett jogosult tiltakozni az adatkezel\u00e9s ellen. A tiltakoz\u00e1snak az Adatkezel\u0151 nem k\u00f6teles helyt adni, ha<\/p><ul><li>az Adatkezel\u0151 bizony\u00edtja, hogy az adatkezel\u00e9st olyan k\u00e9nyszer\u00edt\u0151 erej\u0171 jogos okok indokolj\u00e1k, amelyek els\u0151bbs\u00e9get \u00e9lveznek az \u00e9rintett \u00e9rdekeivel, jogaival \u00e9s szabads\u00e1gaival szemben, vagy<\/li><li>az adatkezel\u00e9s az Adatkezel\u0151 jogi ig\u00e9nyeinek el\u0151terjeszt\u00e9s\u00e9hez, \u00e9rv\u00e9nyes\u00edt\u00e9s\u00e9hez vagy v\u00e9delm\u00e9hez kapcsol\u00f3dik.<\/li><\/ul><ol><li><strong><em>Az adathordozhat\u00f3s\u00e1ghoz val\u00f3 jog <\/em><\/strong><\/li><\/ol><p>Az \u00e9rintett jogosult k\u00e9rni, hogy az Adatkezel\u0151 azokat a szem\u00e9lyes adatait, amelyeket \u0151 hozz\u00e1j\u00e1rul\u00e1s alapj\u00e1n vagy szerz\u0151d\u00e9ses jogalapon bocs\u00e1tott az Adatkezel\u0151 rendelkez\u00e9s\u00e9re \u00e9s az Adatkezel\u0151 automatiz\u00e1ltan (pl. sz\u00e1m\u00edt\u00f3g\u00e9pes rendszerben) kezel, az \u00e9rintett r\u00e9sz\u00e9re tagolt form\u00e1tumban adja \u00e1t, ak\u00e1r m\u00e1s adatkezel\u0151nek val\u00f3 \u00e1tad\u00e1s c\u00e9lj\u00e1b\u00f3l is, vagy hogy \u2013 amennyiben az technikailag megval\u00f3s\u00edthat\u00f3 \u2013 a k\u00e9r\u00e9s\u00e9re k\u00f6zvetlen\u00fcl egy m\u00e1sik, \u00e1ltala megjel\u00f6lt adatkezel\u0151 r\u00e9sz\u00e9re tov\u00e1bb\u00edtsa. Az Adatkezel\u0151 ilyen k\u00e9r\u00e9sek eset\u00e9n a k\u00e9rt adatokat pdf f\u00e1jlk\u00e9nt bocs\u00e1tja rendelkez\u00e9sre. Abban az esetben, amennyiben az \u00e9rintett adathordozhat\u00f3s\u00e1ghoz val\u00f3 jog\u00e1nak gyakorl\u00e1sa h\u00e1tr\u00e1nyosan \u00e9rinten\u00e9 m\u00e1sok jogait \u00e9s szabads\u00e1gait, az Adatkezel\u0151 jogosult az \u00e9rintett k\u00e9relm\u00e9nek teljes\u00edt\u00e9s\u00e9t sz\u00fcks\u00e9ges m\u00e9rt\u00e9kben megtagadni. Az adathordozhat\u00f3s\u00e1g k\u00f6r\u00e9ben tett int\u00e9zked\u00e9s nem jelenti az adatok t\u00f6rl\u00e9s\u00e9t, csak akkor, ha egyidej\u0171leg az \u00e9rintett t\u00f6rl\u00e9si k\u00e9relemmel is \u00e9l, ennek hi\u00e1ny\u00e1ban teh\u00e1t az adatokat az Adatkezel\u0151 mindaddig nyilv\u00e1ntartja, ameddig azok kezel\u00e9s\u00e9re c\u00e9llal, illetve megfelel\u0151 jogalappal rendelkezik.<\/p><ol><li><strong><em>Panaszjog, jogorvoslathoz val\u00f3 jog<\/em><\/strong><\/li><\/ol><p>Ha az \u00e9rintett \u00fagy \u00edt\u00e9li meg, hogy az Adatkezel\u0151 \u00e1ltali szem\u00e9lyes adatainak kezel\u00e9se megs\u00e9rti a mindenkor hat\u00e1lyos adatv\u00e9delmi jogszab\u00e1lyok, \u00edgy k\u00fcl\u00f6n\u00f6sen az \u00c1ltal\u00e1nos Adatv\u00e9delmi Rendelet rendelkez\u00e9seit, jog\u00e1ban \u00e1ll a Nemzeti Adatv\u00e9delmi \u00e9s Inform\u00e1ci\u00f3szabads\u00e1g Hat\u00f3s\u00e1gn\u00e1l (\u201eNAIH\u201d) panaszt beny\u00fajtani. A NAIH el\u00e9rhet\u0151s\u00e9gei:<\/p><p>Honlap: <a href=\"http:\/\/naih.hu\/\">http:\/\/naih.hu\/<\/a><\/p><p>C\u00edm: 1055 Budapest, Falk Miksa utca 9-11<\/p><p>Postac\u00edm: 1363 Budapest, Pf.: 9.<\/p><p>Telefon: +36-1-391-1400<\/p><p>Fax: +36-1-391-1410<\/p><p>E-mail: ugyfelszolgalat@naih.hu<\/p><p>Az \u00e9rintettnek joga van m\u00e1s, \u00edgy k\u00fcl\u00f6n\u00f6sen a szok\u00e1sos tart\u00f3zkod\u00e1si helye, munkahelye vagy a felt\u00e9telezett jogs\u00e9rt\u00e9s helye szerinti eur\u00f3pai uni\u00f3s tag\u00e1llamban l\u00e9trehozott, fel\u00fcgyeleti hat\u00f3s\u00e1gn\u00e1l is panaszt tenni.<\/p><p>Az \u00e9rintett \u2013 panaszt\u00e9teli jog\u00e1t\u00f3l f\u00fcggetlen\u00fcl \u2013 fenti jogs\u00e9relem eset\u00e9n b\u00edr\u00f3s\u00e1ghoz is fordulhat. Adatkezel\u0151 eset\u00e9n az illet\u00e9kes b\u00edr\u00f3s\u00e1g a F\u0151v\u00e1rosi T\u00f6rv\u00e9nysz\u00e9k, azonban az \u00e9rintett a pert a lak\u00f3helye szerinti t\u00f6rv\u00e9nysz\u00e9k el\u0151tt is megind\u00edthatja. Magyarorsz\u00e1gon a t\u00f6rv\u00e9nysz\u00e9kek el\u00e9rhet\u0151s\u00e9ge az al\u00e1bbi linken tal\u00e1lhat\u00f3: <a href=\"http:\/\/birosag.hu\/torvenyszekek\">http:\/\/birosag.hu\/torvenyszekek<\/a>. Az \u00e9rintett tov\u00e1bb\u00e1 a pert a szok\u00e1sos tart\u00f3zkod\u00e1si helye szerinti tag\u00e1llam hat\u00e1sk\u00f6rrel \u00e9s illet\u00e9kess\u00e9ggel rendelkez\u0151 b\u00edr\u00f3s\u00e1ga el\u0151tt is megind\u00edthatja, amennyiben az \u00e9rintett szok\u00e1sos tart\u00f3zkod\u00e1si helye az Eur\u00f3pai Uni\u00f3 m\u00e1s tag\u00e1llam\u00e1ban van. Az \u00e9rintett jogosult b\u00edr\u00f3s\u00e1ghoz fordulni a fel\u00fcgyeleti hat\u00f3s\u00e1g r\u00e1 vonatkoz\u00f3, jogilag k\u00f6telez\u0151 erej\u0171 d\u00f6nt\u00e9s\u00e9vel szemben is. Az \u00e9rintett jogosult tov\u00e1bb\u00e1 b\u00edr\u00f3s\u00e1gi jogorvoslatra, ha a fel\u00fcgyeleti hat\u00f3s\u00e1g nem foglalkozik a panasszal, vagy h\u00e1rom h\u00f3napon bel\u00fcl nem t\u00e1j\u00e9koztatja az \u00e9rintettet a beny\u00fajtott panasz\u00e1val kapcsolatos elj\u00e1r\u00e1si fejlem\u00e9nyekr\u0151l, vagy annak eredm\u00e9ny\u00e9r\u0151l. Az \u00e9rintettnek jog\u00e1ban \u00e1ll a panasznak a nev\u00e9ben t\u00f6rt\u00e9n\u0151 beny\u00fajt\u00e1s\u00e1val, a fel\u00fcgyeleti hat\u00f3s\u00e1g hat\u00e1rozat\u00e1nak b\u00edr\u00f3s\u00e1gi fel\u00fclvizsg\u00e1lat\u00e1val, a keresetind\u00edt\u00e1ssal, valamint a k\u00e1rt\u00e9r\u00edt\u00e9si jog\u00e1nak a nev\u00e9ben t\u00f6rt\u00e9n\u0151 \u00e9rv\u00e9nyes\u00edt\u00e9s\u00e9vel egy olyan nonprofit jelleg\u0171 szervezetet vagy egyes\u00fcletet megb\u00edzni, amelyet valamely eur\u00f3pai uni\u00f3s tag\u00e1llam jog\u00e1nak megfelel\u0151en hoztak l\u00e9tre, \u00e9s amelynek alapszab\u00e1lyban r\u00f6gz\u00edtett c\u00e9ljai a k\u00f6z\u00e9rdek szolg\u00e1lata, valamint az \u00e9rintettek jogainak \u00e9s szabads\u00e1g\u00e1nak a szem\u00e9lyes adatok vonatkoz\u00e1s\u00e1ban biztos\u00edtott v\u00e9delme.<\/p><h2>1.5\u00a0\u00a0\u00a0\u00a0\u00a0\u00a0\u00a0\u00a0\u00a0\u00a0\u00a0 <u>Automatiz\u00e1lt d\u00f6nt\u00e9shozatal, profilalkot\u00e1s<\/u><\/h2><p>Az Adatkezel\u0151 adatkezel\u00e9sei sor\u00e1n automatiz\u00e1lt d\u00f6nt\u00e9shozatal profilalkot\u00e1s nem t\u00f6rt\u00e9nik.<\/p>\t\t\t\t\t\t\t\t<\/div>\n\t\t\t\t\t<\/div>\n\t\t\t\t<\/div>\n\t\t\t\t<\/div>","protected":false},"excerpt":{"rendered":"<p>Adatkezel\u00e9si nyilatkozat Adatkezel\u00e9si T\u00e1j\u00e9koztat\u00f3kezel\u00e9sen r\u00e9sztvev\u0151k r\u00e9sz\u00e9re 1.1\u00a0\u00a0\u00a0\u00a0\u00a0\u00a0\u00a0\u00a0\u00a0\u00a0\u00a0 Adatkezel\u0151 \u00e9s el\u00e9rhet\u0151s\u00e9gei Az adatkezel\u0151 neve: Zsibor\u00e1cs Dominika Egy\u00e9ni V\u00e1llalkoz\u00f3 (a tov\u00e1bbiakban: \u201eAdatkezel\u0151\u201d) Sz\u00e9khelye, postac\u00edme: 2030, \u00c9rd, Szent Istv\u00e1n \u00fat 46., 1123 Budapest, Nagyenyed u. 15\/a E-mail c\u00edme: info@zsiboracs.hu Telefonsz\u00e1ma: +36303370212 1.2\u00a0\u00a0\u00a0\u00a0\u00a0\u00a0\u00a0\u00a0\u00a0\u00a0\u00a0 A kezelt adatok k\u00f6re, az adatkezel\u00e9s c\u00e9lja, jogalapja, \u00e9s az adatok meg\u0151rz\u00e9s\u00e9nek ideje Kezelt adatok k\u00f6re &#8230; <a title=\"Adatkezel\u00e9si nyilatkozat\" class=\"read-more\" href=\"https:\/\/frmt.hu\/en\/adatkezelesi-nyilatkozat\/\" aria-label=\"Read more about Adatkezel\u00e9si nyilatkozat\">Read more<\/a><\/p>","protected":false},"author":1,"featured_media":0,"parent":0,"menu_order":0,"comment_status":"closed","ping_status":"closed","template":"elementor_header_footer","meta":{"_seopress_robots_primary_cat":"","_seopress_titles_title":"","_seopress_titles_desc":"","_seopress_robots_index":"","footnotes":""},"class_list":["post-343","page","type-page","status-publish"],"_links":{"self":[{"href":"https:\/\/frmt.hu\/en\/wp-json\/wp\/v2\/pages\/343","targetHints":{"allow":["GET"]}}],"collection":[{"href":"https:\/\/frmt.hu\/en\/wp-json\/wp\/v2\/pages"}],"about":[{"href":"https:\/\/frmt.hu\/en\/wp-json\/wp\/v2\/types\/page"}],"author":[{"embeddable":true,"href":"https:\/\/frmt.hu\/en\/wp-json\/wp\/v2\/users\/1"}],"replies":[{"embeddable":true,"href":"https:\/\/frmt.hu\/en\/wp-json\/wp\/v2\/comments?post=343"}],"version-history":[{"count":7,"href":"https:\/\/frmt.hu\/en\/wp-json\/wp\/v2\/pages\/343\/revisions"}],"predecessor-version":[{"id":372,"href":"https:\/\/frmt.hu\/en\/wp-json\/wp\/v2\/pages\/343\/revisions\/372"}],"wp:attachment":[{"href":"https:\/\/frmt.hu\/en\/wp-json\/wp\/v2\/media?parent=343"}],"curies":[{"name":"wp","href":"https:\/\/api.w.org\/{rel}","templated":true}]}}